{"id":1451,"date":"2025-08-26T23:47:34","date_gmt":"2025-08-26T23:47:34","guid":{"rendered":"https:\/\/tierrafertil.mx\/?page_id=1451"},"modified":"2025-08-27T18:35:07","modified_gmt":"2025-08-27T18:35:07","slug":"registrarse-iniciar-sesion","status":"publish","type":"page","link":"https:\/\/tierrafertil.mx\/en\/registrarse-iniciar-sesion\/","title":{"rendered":"Iniciar sesi\u00f3n"},"content":{"rendered":"<div data-elementor-type=\"wp-page\" data-elementor-id=\"1451\" class=\"elementor elementor-1451\" data-elementor-post-type=\"page\">\n\t\t\t\t<div class=\"elementor-element elementor-element-0f72906 e-flex e-con-boxed e-con e-parent\" data-id=\"0f72906\" data-element_type=\"container\">\n\t\t\t\t\t<div class=\"e-con-inner\">\n\t\t\t\t<div class=\"elementor-element elementor-element-9464493 elementor-widget elementor-widget-heading\" data-id=\"9464493\" data-element_type=\"widget\" data-widget_type=\"heading.default\">\n\t\t\t\t\t<h2 class=\"elementor-heading-title elementor-size-default\">Inicio de sesi\u00f3n <\/h2>\t\t\t\t<\/div>\n\t\t<div class=\"elementor-element elementor-element-5ae6a49 e-con-full e-flex e-con e-child\" data-id=\"5ae6a49\" data-element_type=\"container\">\n\t\t<div class=\"elementor-element elementor-element-019fd8f e-con-full e-flex e-con e-child\" data-id=\"019fd8f\" data-element_type=\"container\">\n\t\t\t\t<div class=\"elementor-element elementor-element-5bc04b5 elementor-widget elementor-widget-Give Login\" data-id=\"5bc04b5\" data-element_type=\"widget\" data-widget_type=\"Give Login.default\">\n\t\t\t\t\t<div class=\"givewp-elementor-widget give-login-shortcode-wrap\">\t<form id=\"give-login-form\" class=\"give-form\" action=\"\" method=\"post\" data-trp-original-action=\"\">\n\t\t<fieldset>\n\t\t\t<legend>Log into Your Account<\/legend>\n\t\t\t\t\t\t<div class=\"give-login-username give-login\">\n\t\t\t\t<label for=\"give_user_login\">Username or Email Address<\/label>\n\t\t\t\t<input name=\"give_user_login\" id=\"give_user_login\" class=\"give-required give-input\" type=\"text\" required aria-required=\"true\" \/>\n\t\t\t<\/div>\n\n\t\t\t<div class=\"give-login-password give-login\">\n\t\t\t\t<label for=\"give_user_pass\">Password<\/label>\n\t\t\t\t<input name=\"give_user_pass\" id=\"give_user_pass\" class=\"give-password give-required give-input\" type=\"password\" required aria-required=\"true\" \/>\n\t\t\t<\/div>\n\n\t\t\t<div class=\"give-login-submit give-login\">\n\t\t\t\t<input type=\"hidden\" name=\"give_login_redirect\" value=\"https:\/\/tierrafertil.mx\/en\/escritorio-del-donante\/?give-login-success=true\" \/>\n\t\t\t\t<input type=\"hidden\" name=\"give_login_nonce\" value=\"dfc6c3dc35\" \/>\n\t\t\t\t<input type=\"hidden\" name=\"give_action\" value=\"user_login\" \/>\n\t\t\t\t<input id=\"give_login_submit\" type=\"submit\" class=\"give_submit\" value=\"Log In\" \/>\n\t\t\t<\/div>\n\n\t\t\t<div class=\"give-lost-password give-login\">\n\t\t\t\t<a href=\"https:\/\/tierrafertil.mx\/wp-login.php?action=lostpassword\">\n\t\t\t\t\tReset Password\t\t\t\t<\/a>\n\t\t\t<\/div>\n\t\t\t\t\t<\/fieldset>\n\t<input type=\"hidden\" name=\"trp-form-language\" value=\"en\"\/><\/form>\n\t<\/div>\t\t\t\t<\/div>\n\t\t\t\t<div class=\"elementor-element elementor-element-35ee2d8 elementor-widget elementor-widget-text-editor\" data-id=\"35ee2d8\" data-element_type=\"widget\" data-widget_type=\"text-editor.default\">\n\t\t\t\t\t\t\t\t\t\u00bfNo tienes una cuenta?\n<a href=\"https:\/\/tierrafertil.mx\/en\/registrate\/\">\nReg\u00edstrate aqu\u00ed\n<\/a>\t\t\t\t\t\t\t\t<\/div>\n\t\t\t\t<\/div>\n\t\t\t\t<\/div>\n\t\t\t\t\t<\/div>\n\t\t\t\t<\/div>\n\t\t\t\t<\/div>","protected":false},"excerpt":{"rendered":"<p>Inicio de sesi&oacute;n Ya est&aacute;s conectado en el sitio. Haz &lt;a href=&quot;https:\/\/tierrafertil.mx\/wp-login.php?action=logout&amp;_wpnonce=abab5f803e&quot;&gt;clic aqu&iacute;&lt;\/a&gt; para salir. &iquest;No tienes una cuenta? Reg&iacute;strate aqu&iacute;<\/p>","protected":false},"author":1,"featured_media":0,"parent":0,"menu_order":0,"comment_status":"closed","ping_status":"closed","template":"","meta":{"give_campaign_id":0,"_themeisle_gutenberg_block_has_review":false,"footnotes":""},"class_list":["post-1451","page","type-page","status-publish","hentry"],"yoast_head":"<!-- This site is optimized with the Yoast SEO plugin v25.9 - https:\/\/yoast.com\/wordpress\/plugins\/seo\/ -->\n<title>Iniciar sesi\u00f3n - Fundacion Tierra Fertil<\/title>\n<meta name=\"robots\" content=\"index, follow, max-snippet:-1, max-image-preview:large, max-video-preview:-1\" \/>\n<link rel=\"canonical\" href=\"https:\/\/tierrafertil.mx\/en\/registrarse-iniciar-sesion\/\" \/>\n<meta property=\"og:locale\" content=\"en_US\" \/>\n<meta property=\"og:type\" content=\"article\" \/>\n<meta property=\"og:title\" content=\"Iniciar sesi\u00f3n - Fundacion Tierra Fertil\" \/>\n<meta property=\"og:description\" content=\"Inicio de sesi\u00f3n Ya est\u00e1s conectado en el sitio. Haz &lt;a href=&quot;https:\/\/tierrafertil.mx\/wp-login.php?action=logout&#038;_wpnonce=abab5f803e&quot;&gt;clic aqu\u00ed&lt;\/a&gt; para salir. \u00bfNo tienes una cuenta? Reg\u00edstrate aqu\u00ed\" \/>\n<meta property=\"og:url\" content=\"https:\/\/tierrafertil.mx\/en\/registrarse-iniciar-sesion\/\" \/>\n<meta property=\"og:site_name\" content=\"Fundacion Tierra Fertil\" \/>\n<meta property=\"article:modified_time\" content=\"2025-08-27T18:35:07+00:00\" \/>\n<meta name=\"twitter:card\" content=\"summary_large_image\" \/>\n<meta name=\"twitter:label1\" content=\"Est. reading time\" \/>\n\t<meta name=\"twitter:data1\" content=\"1 minute\" \/>\n<script type=\"application\/ld+json\" class=\"yoast-schema-graph\">{\"@context\":\"https:\/\/schema.org\",\"@graph\":[{\"@type\":\"WebPage\",\"@id\":\"https:\/\/tierrafertil.mx\/registrarse-iniciar-sesion\/\",\"url\":\"https:\/\/tierrafertil.mx\/registrarse-iniciar-sesion\/\",\"name\":\"Iniciar sesi\u00f3n - Fundacion Tierra Fertil\",\"isPartOf\":{\"@id\":\"https:\/\/tierrafertil.mx\/#website\"},\"datePublished\":\"2025-08-26T23:47:34+00:00\",\"dateModified\":\"2025-08-27T18:35:07+00:00\",\"breadcrumb\":{\"@id\":\"https:\/\/tierrafertil.mx\/registrarse-iniciar-sesion\/#breadcrumb\"},\"inLanguage\":\"en-US\",\"potentialAction\":[{\"@type\":\"ReadAction\",\"target\":[\"https:\/\/tierrafertil.mx\/registrarse-iniciar-sesion\/\"]}]},{\"@type\":\"BreadcrumbList\",\"@id\":\"https:\/\/tierrafertil.mx\/registrarse-iniciar-sesion\/#breadcrumb\",\"itemListElement\":[{\"@type\":\"ListItem\",\"position\":1,\"name\":\"Inicio\",\"item\":\"https:\/\/tierrafertil.mx\/\"},{\"@type\":\"ListItem\",\"position\":2,\"name\":\"Iniciar sesi\u00f3n\"}]},{\"@type\":\"WebSite\",\"@id\":\"https:\/\/tierrafertil.mx\/#website\",\"url\":\"https:\/\/tierrafertil.mx\/\",\"name\":\"Fundacion Tierra Fertil\",\"description\":\"\",\"publisher\":{\"@id\":\"https:\/\/tierrafertil.mx\/#organization\"},\"potentialAction\":[{\"@type\":\"SearchAction\",\"target\":{\"@type\":\"EntryPoint\",\"urlTemplate\":\"https:\/\/tierrafertil.mx\/?s={search_term_string}\"},\"query-input\":{\"@type\":\"PropertyValueSpecification\",\"valueRequired\":true,\"valueName\":\"search_term_string\"}}],\"inLanguage\":\"en-US\"},{\"@type\":\"Organization\",\"@id\":\"https:\/\/tierrafertil.mx\/#organization\",\"name\":\"Fundacion Tierra Fertil\",\"url\":\"https:\/\/tierrafertil.mx\/\",\"logo\":{\"@type\":\"ImageObject\",\"inLanguage\":\"en-US\",\"@id\":\"https:\/\/tierrafertil.mx\/#\/schema\/logo\/image\/\",\"url\":\"https:\/\/tierrafertil.mx\/wp-content\/uploads\/2025\/08\/cropped-Tierra-Fertil-logo-1-scaled-1.png\",\"contentUrl\":\"https:\/\/tierrafertil.mx\/wp-content\/uploads\/2025\/08\/cropped-Tierra-Fertil-logo-1-scaled-1.png\",\"width\":512,\"height\":512,\"caption\":\"Fundacion Tierra Fertil\"},\"image\":{\"@id\":\"https:\/\/tierrafertil.mx\/#\/schema\/logo\/image\/\"}}]}<\/script>\n<!-- \/ Yoast SEO plugin. -->","yoast_head_json":{"title":"Iniciar sesi\u00f3n - Fundacion Tierra Fertil","robots":{"index":"index","follow":"follow","max-snippet":"max-snippet:-1","max-image-preview":"max-image-preview:large","max-video-preview":"max-video-preview:-1"},"canonical":"https:\/\/tierrafertil.mx\/en\/registrarse-iniciar-sesion\/","og_locale":"en_US","og_type":"article","og_title":"Iniciar sesi\u00f3n - Fundacion Tierra Fertil","og_description":"Inicio de sesi\u00f3n Ya est\u00e1s conectado en el sitio. Haz &lt;a href=&quot;https:\/\/tierrafertil.mx\/wp-login.php?action=logout&#038;_wpnonce=abab5f803e&quot;&gt;clic aqu\u00ed&lt;\/a&gt; para salir. \u00bfNo tienes una cuenta? Reg\u00edstrate aqu\u00ed","og_url":"https:\/\/tierrafertil.mx\/en\/registrarse-iniciar-sesion\/","og_site_name":"Fundacion Tierra Fertil","article_modified_time":"2025-08-27T18:35:07+00:00","twitter_card":"summary_large_image","twitter_misc":{"Est. reading time":"1 minute"},"schema":{"@context":"https:\/\/schema.org","@graph":[{"@type":"WebPage","@id":"https:\/\/tierrafertil.mx\/registrarse-iniciar-sesion\/","url":"https:\/\/tierrafertil.mx\/registrarse-iniciar-sesion\/","name":"Iniciar sesi\u00f3n - Fundacion Tierra Fertil","isPartOf":{"@id":"https:\/\/tierrafertil.mx\/#website"},"datePublished":"2025-08-26T23:47:34+00:00","dateModified":"2025-08-27T18:35:07+00:00","breadcrumb":{"@id":"https:\/\/tierrafertil.mx\/registrarse-iniciar-sesion\/#breadcrumb"},"inLanguage":"en-US","potentialAction":[{"@type":"ReadAction","target":["https:\/\/tierrafertil.mx\/registrarse-iniciar-sesion\/"]}]},{"@type":"BreadcrumbList","@id":"https:\/\/tierrafertil.mx\/registrarse-iniciar-sesion\/#breadcrumb","itemListElement":[{"@type":"ListItem","position":1,"name":"Inicio","item":"https:\/\/tierrafertil.mx\/"},{"@type":"ListItem","position":2,"name":"Iniciar sesi\u00f3n"}]},{"@type":"WebSite","@id":"https:\/\/tierrafertil.mx\/#website","url":"https:\/\/tierrafertil.mx\/","name":"Fundacion Tierra Fertil","description":"","publisher":{"@id":"https:\/\/tierrafertil.mx\/#organization"},"potentialAction":[{"@type":"SearchAction","target":{"@type":"EntryPoint","urlTemplate":"https:\/\/tierrafertil.mx\/?s={search_term_string}"},"query-input":{"@type":"PropertyValueSpecification","valueRequired":true,"valueName":"search_term_string"}}],"inLanguage":"en-US"},{"@type":"Organization","@id":"https:\/\/tierrafertil.mx\/#organization","name":"Fundacion Tierra Fertil","url":"https:\/\/tierrafertil.mx\/","logo":{"@type":"ImageObject","inLanguage":"en-US","@id":"https:\/\/tierrafertil.mx\/#\/schema\/logo\/image\/","url":"https:\/\/tierrafertil.mx\/wp-content\/uploads\/2025\/08\/cropped-Tierra-Fertil-logo-1-scaled-1.png","contentUrl":"https:\/\/tierrafertil.mx\/wp-content\/uploads\/2025\/08\/cropped-Tierra-Fertil-logo-1-scaled-1.png","width":512,"height":512,"caption":"Fundacion Tierra Fertil"},"image":{"@id":"https:\/\/tierrafertil.mx\/#\/schema\/logo\/image\/"}}]}},"campaignId":"","_links":{"self":[{"href":"https:\/\/tierrafertil.mx\/en\/wp-json\/wp\/v2\/pages\/1451","targetHints":{"allow":["GET"]}}],"collection":[{"href":"https:\/\/tierrafertil.mx\/en\/wp-json\/wp\/v2\/pages"}],"about":[{"href":"https:\/\/tierrafertil.mx\/en\/wp-json\/wp\/v2\/types\/page"}],"author":[{"embeddable":true,"href":"https:\/\/tierrafertil.mx\/en\/wp-json\/wp\/v2\/users\/1"}],"replies":[{"embeddable":true,"href":"https:\/\/tierrafertil.mx\/en\/wp-json\/wp\/v2\/comments?post=1451"}],"version-history":[{"count":60,"href":"https:\/\/tierrafertil.mx\/en\/wp-json\/wp\/v2\/pages\/1451\/revisions"}],"predecessor-version":[{"id":1753,"href":"https:\/\/tierrafertil.mx\/en\/wp-json\/wp\/v2\/pages\/1451\/revisions\/1753"}],"wp:attachment":[{"href":"https:\/\/tierrafertil.mx\/en\/wp-json\/wp\/v2\/media?parent=1451"}],"curies":[{"name":"wp","href":"https:\/\/api.w.org\/{rel}","templated":true}]}}